{"id":170,"date":"2022-02-24T10:33:46","date_gmt":"2022-02-24T10:33:46","guid":{"rendered":"https:\/\/rekular.webdesign-schwaben.de\/?page_id=170"},"modified":"2026-03-10T17:01:11","modified_gmt":"2026-03-10T17:01:11","slug":"impressum","status":"publish","type":"page","link":"https:\/\/entwicklung26.chriskom.de\/index.php\/impressum\/","title":{"rendered":"Impressum"},"content":{"rendered":"<p>[et_pb_section fb_built=&#8220;1&#8243; _builder_version=&#8220;4.27.4&#8243; _module_preset=&#8220;default&#8220; custom_padding=&#8220;32px||44px|||&#8220; animation_style=&#8220;fade&#8220; global_colors_info=&#8220;{}&#8220;][et_pb_row _builder_version=&#8220;4.16&#8243; _module_preset=&#8220;default&#8220; global_colors_info=&#8220;{}&#8220;][et_pb_column type=&#8220;4_4&#8243; _builder_version=&#8220;4.16&#8243; _module_preset=&#8220;default&#8220; global_colors_info=&#8220;{}&#8220;][et_pb_text _builder_version=&#8220;4.27.5&#8243; _module_preset=&#8220;default&#8220; text_font=&#8220;Amiko||||||||&#8220; header_font=&#8220;Amiko||||||||&#8220; header_2_font=&#8220;Amiko||||||||&#8220; header_3_font=&#8220;Amiko||||||||&#8220; header_4_font=&#8220;Amiko||||||||&#8220; global_colors_info=&#8220;{}&#8220;]<\/p>\n<h1>Impressum<\/h1>\n<p>Marzahn-Hellersdorfer St\u00e4dtepartnerschaftsverein e.V.<br \/>Allee der Kosmonauten, 169<br \/>Kerstin Rockt\u00e4schel<br \/>12685 Berlin<\/p>\n<p>Vereinsregister: VR 15494 B<br \/>Registergericht: Berlin-Charlottenburg<\/p>\n<p><strong>Vertreten durch:<\/strong><br \/>Kerstin Rockt\u00e4schel<\/p>\n<h2>Kontakt<\/h2>\n<p>Telefon: +49 30 536 82 93<br \/>E-Mail: info@mhspv.de<\/p>\n<h2>Redaktionell verantwortlich<\/h2>\n<p>Kerstin Rockt\u00e4schel<br \/>Allee der Kosmonauten 169<br \/>12685 Berlin<\/p>\n<h2>Verbraucher\u00adstreit\u00adbeilegung\/Universal\u00adschlichtungs\u00adstelle<\/h2>\n<p>Wir sind nicht bereit oder verpflichtet, an Streitbeilegungsverfahren vor einer Verbraucherschlichtungsstelle teilzunehmen.<\/p>\n<p>[\/et_pb_text][\/et_pb_column][\/et_pb_row][\/et_pb_section]<\/p>\n","protected":false},"excerpt":{"rendered":"<p>Impressum Marzahn-Hellersdorfer St\u00e4dtepartnerschaftsverein e.V.Allee der Kosmonauten, 169Kerstin Rockt\u00e4schel12685 Berlin Vereinsregister: VR 15494 BRegistergericht: Berlin-Charlottenburg Vertreten durch:Kerstin Rockt\u00e4schel Kontakt Telefon: +49 30 536 82 93E-Mail: info@mhspv.de Redaktionell verantwortlich Kerstin Rockt\u00e4schelAllee der Kosmonauten 16912685 Berlin Verbraucher\u00adstreit\u00adbeilegung\/Universal\u00adschlichtungs\u00adstelle Wir sind nicht bereit oder verpflichtet, an Streitbeilegungsverfahren vor einer Verbraucherschlichtungsstelle teilzunehmen.<\/p>\n","protected":false},"author":1,"featured_media":0,"parent":0,"menu_order":0,"comment_status":"closed","ping_status":"closed","template":"","meta":{"_et_pb_use_builder":"on","_et_pb_old_content":"<p>[et_pb_section fb_built=\"1\" _builder_version=\"4.14.8\" _module_preset=\"default\" custom_padding=\"||44px|||\" global_colors_info=\"{}\"][et_pb_row _builder_version=\"4.14.8\" _module_preset=\"default\" global_colors_info=\"{}\"][et_pb_column type=\"4_4\" _builder_version=\"4.14.8\" _module_preset=\"default\" global_colors_info=\"{}\"][et_pb_text _builder_version=\"4.14.8\" text_font=\"||||||||\" text_font_size=\"18px\" text_line_height=\"2em\" header_font=\"Allerta||||||||\" header_text_align=\"center\" header_font_size=\"36px\" header_line_height=\"1.2em\" custom_margin=\"|||\" text_font_size_tablet=\"\" text_font_size_phone=\"16px\" text_font_size_last_edited=\"on|phone\" header_font_size_tablet=\"50px\" header_font_size_phone=\"40px\" header_font_size_last_edited=\"on|phone\" locked=\"off\" global_colors_info=\"{}\"]<\/p><h1>Hier entstehen die neuen Seiten der Rekular GmbH<\/h1><h2 style=\"text-align: center;\">Die Precycling Profis<\/h2><p>[\/et_pb_text][\/et_pb_column][\/et_pb_row][\/et_pb_section][et_pb_section fb_built=\"1\" _builder_version=\"4.14.8\" module_alignment=\"center\" custom_padding=\"0||5px||false|false\" global_colors_info=\"{}\"][et_pb_row column_structure=\"1_3,1_3,1_3\" use_custom_gutter=\"on\" gutter_width=\"2\" make_equal=\"on\" padding_top_bottom_link_1=\"true\" padding_left_right_link_1=\"true\" _builder_version=\"4.14.8\" width=\"90%\" max_width=\"90%\" module_alignment=\"center\" custom_padding=\"0|0px|24.4688px|0px|false|false\" use_custom_width=\"on\" width_unit=\"off\" custom_width_percent=\"90%\" locked=\"off\" global_colors_info=\"{}\"][et_pb_column type=\"1_3\" _builder_version=\"4.14.8\" background_color=\"#4cae40\" custom_padding=\"30px|30px|30px|30px\" global_colors_info=\"{}\" custom_padding__hover=\"|||\"][et_pb_text _builder_version=\"4.14.8\" text_font=\"||||||||\" text_font_size=\"16px\" text_line_height=\"2em\" header_font=\"||||||||\" header_4_font=\"Allerta|600|||||||\" header_4_font_size=\"32px\" header_4_line_height=\"1.4em\" background_layout=\"dark\" custom_margin=\"|||\" locked=\"off\" global_colors_info=\"{}\"]<\/p><h4>Unsere Expertise<\/h4><p>Vivamus sagittis lacus vel augue laoreet rutrum faucibus dolor auctor.<\/p><p>[\/et_pb_text][\/et_pb_column][et_pb_column type=\"1_3\" _builder_version=\"3.25\" custom_padding=\"|||\" global_colors_info=\"{}\" custom_padding__hover=\"|||\"][et_pb_image src=\"https:\/\/entwicklung26.chriskom.de\/wp-content\/uploads\/2022\/02\/e-waste-ga9b578f2f_1920.jpg\" title_text=\"e-waste-ga9b578f2f_1920\" align_tablet=\"center\" align_phone=\"center\" align_last_edited=\"on|desktop\" _builder_version=\"4.14.8\" animation_style=\"slide\" animation_direction=\"left\" animation_intensity_slide=\"2%\" global_colors_info=\"{}\"][\/et_pb_image][\/et_pb_column][et_pb_column type=\"1_3\" _builder_version=\"3.25\" custom_padding=\"|||\" global_colors_info=\"{}\" custom_padding__hover=\"|||\"][et_pb_image src=\"https:\/\/entwicklung26.chriskom.de\/wp-content\/uploads\/2022\/02\/hands-gcb66a654d_1920.jpg\" title_text=\"hands-gcb66a654d_1920\" align_tablet=\"center\" align_phone=\"center\" align_last_edited=\"on|desktop\" _builder_version=\"4.14.8\" animation_style=\"slide\" animation_direction=\"left\" animation_intensity_slide=\"2%\" locked=\"off\" global_colors_info=\"{}\"][\/et_pb_image][\/et_pb_column][\/et_pb_row][et_pb_row column_structure=\"1_3,1_3,1_3\" use_custom_gutter=\"on\" gutter_width=\"2\" _builder_version=\"4.14.8\" width=\"90%\" max_width=\"90%\" module_alignment=\"center\" use_custom_width=\"on\" width_unit=\"off\" custom_width_percent=\"90%\" global_colors_info=\"{}\"][et_pb_column type=\"1_3\" _builder_version=\"3.25\" custom_padding=\"|||\" global_colors_info=\"{}\" custom_padding__hover=\"|||\"][et_pb_image src=\"https:\/\/entwicklung26.chriskom.de\/wp-content\/uploads\/2022\/02\/garbage-g365a1febf_1920.jpg\" title_text=\"garbage-g365a1febf_1920\" align_tablet=\"center\" align_phone=\"center\" align_last_edited=\"on|desktop\" _builder_version=\"4.14.8\" animation_style=\"slide\" animation_direction=\"left\" animation_intensity_slide=\"2%\" locked=\"off\" global_colors_info=\"{}\"][\/et_pb_image][\/et_pb_column][et_pb_column type=\"1_3\" _builder_version=\"3.25\" custom_padding=\"|||\" global_colors_info=\"{}\" custom_padding__hover=\"|||\"][et_pb_image src=\"https:\/\/entwicklung26.chriskom.de\/wp-content\/uploads\/2022\/02\/copper-gf4f7317eb_1920.jpg\" title_text=\"copper-gf4f7317eb_1920\" align_tablet=\"center\" align_phone=\"center\" align_last_edited=\"on|desktop\" _builder_version=\"4.14.8\" animation_style=\"slide\" animation_direction=\"left\" animation_intensity_slide=\"2%\" global_colors_info=\"{}\"][\/et_pb_image][\/et_pb_column][et_pb_column type=\"1_3\" _builder_version=\"3.25\" custom_padding=\"|||\" global_colors_info=\"{}\" custom_padding__hover=\"|||\"][et_pb_image src=\"https:\/\/entwicklung26.chriskom.de\/wp-content\/uploads\/2022\/02\/metal-g4516c5036_1920.jpg\" title_text=\"metal-g4516c5036_1920\" align_tablet=\"center\" align_phone=\"center\" align_last_edited=\"on|desktop\" _builder_version=\"4.14.8\" animation_style=\"slide\" animation_direction=\"left\" animation_intensity_slide=\"2%\" locked=\"off\" global_colors_info=\"{}\"][\/et_pb_image][\/et_pb_column][\/et_pb_row][\/et_pb_section][et_pb_section fb_built=\"1\" admin_label=\"Services\" _builder_version=\"3.22\" background_image=\"https:\/\/entwicklung26.chriskom.de\/wp-content\/uploads\/2022\/02\/gardener-03.png\" background_size=\"initial\" background_position=\"top_left\" custom_padding=\"54px|0px|0|0px|false|false\" locked=\"off\" global_colors_info=\"{}\"][et_pb_row column_structure=\"1_4,1_4,1_4,1_4\" _builder_version=\"3.25\" global_colors_info=\"{}\"][et_pb_column type=\"1_4\" _builder_version=\"3.25\" custom_padding=\"|||\" global_colors_info=\"{}\" custom_padding__hover=\"|||\"][et_pb_cta title=\"Lorem Ipsum\" button_url=\"#\" button_text=\"Learn More\" _builder_version=\"4.14.8\" header_level=\"h4\" header_font=\"Allerta|700|||||||\" header_font_size=\"25px\" header_line_height=\"1.5em\" body_font=\"||||||||\" body_line_height=\"2em\" use_background_color=\"off\" custom_button=\"on\" button_text_size=\"14px\" button_text_color=\"#ffb031\" button_bg_color=\"rgba(255,255,255,0)\" button_border_width=\"0px\" button_letter_spacing=\"2px\" button_font=\"|700||on|||||\" button_icon=\"$||divi||400\" text_orientation=\"left\" background_layout=\"light\" custom_margin_tablet=\"||70px|\" custom_margin_phone=\"||40px|\" custom_margin_last_edited=\"on|phone\" button_letter_spacing_hover=\"2px\" global_colors_info=\"{}\" button_text_size__hover_enabled=\"off\" button_one_text_size__hover_enabled=\"off\" button_two_text_size__hover_enabled=\"off\" button_text_color__hover_enabled=\"off\" button_one_text_color__hover_enabled=\"off\" button_two_text_color__hover_enabled=\"off\" button_border_width__hover_enabled=\"off\" button_one_border_width__hover_enabled=\"off\" button_two_border_width__hover_enabled=\"off\" button_border_color__hover_enabled=\"off\" button_one_border_color__hover_enabled=\"off\" button_two_border_color__hover_enabled=\"off\" button_border_radius__hover_enabled=\"off\" button_one_border_radius__hover_enabled=\"off\" button_two_border_radius__hover_enabled=\"off\" button_letter_spacing__hover_enabled=\"on\" button_letter_spacing__hover=\"2px\" button_one_letter_spacing__hover_enabled=\"off\" button_two_letter_spacing__hover_enabled=\"off\" button_bg_color__hover_enabled=\"off\" button_one_bg_color__hover_enabled=\"off\" button_two_bg_color__hover_enabled=\"off\"]<\/p><p>Nulla quis lorem ut libero malesuada feugiat. Cras ultricies ligula sed magna dictum porta.<\/p><p>[\/et_pb_cta][\/et_pb_column][et_pb_column type=\"1_4\" _builder_version=\"3.25\" custom_padding=\"|||\" global_colors_info=\"{}\" custom_padding__hover=\"|||\"][et_pb_cta title=\"Lorem Ipsum\" button_url=\"#\" button_text=\"Learn More\" _builder_version=\"4.14.8\" header_level=\"h4\" header_font=\"Allerta|700|||||||\" header_font_size=\"25px\" header_line_height=\"1.5em\" body_font=\"||||||||\" body_line_height=\"2em\" use_background_color=\"off\" custom_button=\"on\" button_text_size=\"14px\" button_text_color=\"#ffb031\" button_bg_color=\"rgba(255,255,255,0)\" button_border_width=\"0px\" button_letter_spacing=\"2px\" button_font=\"|700||on|||||\" button_icon=\"$||divi||400\" text_orientation=\"left\" background_layout=\"light\" custom_margin_tablet=\"||70px|\" custom_margin_phone=\"||40px|\" custom_margin_last_edited=\"on|phone\" button_letter_spacing_hover=\"2px\" global_colors_info=\"{}\" button_text_size__hover_enabled=\"off\" button_one_text_size__hover_enabled=\"off\" button_two_text_size__hover_enabled=\"off\" button_text_color__hover_enabled=\"off\" button_one_text_color__hover_enabled=\"off\" button_two_text_color__hover_enabled=\"off\" button_border_width__hover_enabled=\"off\" button_one_border_width__hover_enabled=\"off\" button_two_border_width__hover_enabled=\"off\" button_border_color__hover_enabled=\"off\" button_one_border_color__hover_enabled=\"off\" button_two_border_color__hover_enabled=\"off\" button_border_radius__hover_enabled=\"off\" button_one_border_radius__hover_enabled=\"off\" button_two_border_radius__hover_enabled=\"off\" button_letter_spacing__hover_enabled=\"on\" button_letter_spacing__hover=\"2px\" button_one_letter_spacing__hover_enabled=\"off\" button_two_letter_spacing__hover_enabled=\"off\" button_bg_color__hover_enabled=\"off\" button_one_bg_color__hover_enabled=\"off\" button_two_bg_color__hover_enabled=\"off\"]<\/p><p>Nulla quis lorem ut libero malesuada feugiat. Cras ultricies ligula sed magna dictum porta.<\/p><p>[\/et_pb_cta][\/et_pb_column][et_pb_column type=\"1_4\" _builder_version=\"3.25\" custom_padding=\"|||\" global_colors_info=\"{}\" custom_padding__hover=\"|||\"][et_pb_cta title=\"Lorem Ipsum\" button_url=\"#\" button_text=\"Learn More\" _builder_version=\"4.14.8\" header_level=\"h4\" header_font=\"Allerta|700|||||||\" header_font_size=\"25px\" header_line_height=\"1.5em\" body_font=\"||||||||\" body_line_height=\"2em\" use_background_color=\"off\" custom_button=\"on\" button_text_size=\"14px\" button_text_color=\"#ffb031\" button_bg_color=\"rgba(255,255,255,0)\" button_border_width=\"0px\" button_letter_spacing=\"2px\" button_font=\"|700||on|||||\" button_icon=\"$||divi||400\" text_orientation=\"left\" background_layout=\"light\" custom_margin_tablet=\"||70px|\" custom_margin_phone=\"||40px|\" custom_margin_last_edited=\"on|phone\" button_letter_spacing_hover=\"2px\" global_colors_info=\"{}\" button_text_size__hover_enabled=\"off\" button_one_text_size__hover_enabled=\"off\" button_two_text_size__hover_enabled=\"off\" button_text_color__hover_enabled=\"off\" button_one_text_color__hover_enabled=\"off\" button_two_text_color__hover_enabled=\"off\" button_border_width__hover_enabled=\"off\" button_one_border_width__hover_enabled=\"off\" button_two_border_width__hover_enabled=\"off\" button_border_color__hover_enabled=\"off\" button_one_border_color__hover_enabled=\"off\" button_two_border_color__hover_enabled=\"off\" button_border_radius__hover_enabled=\"off\" button_one_border_radius__hover_enabled=\"off\" button_two_border_radius__hover_enabled=\"off\" button_letter_spacing__hover_enabled=\"on\" button_letter_spacing__hover=\"2px\" button_one_letter_spacing__hover_enabled=\"off\" button_two_letter_spacing__hover_enabled=\"off\" button_bg_color__hover_enabled=\"off\" button_one_bg_color__hover_enabled=\"off\" button_two_bg_color__hover_enabled=\"off\"]<\/p><p>Nulla quis lorem ut libero malesuada feugiat. Cras ultricies ligula sed magna dictum porta.<\/p><p>[\/et_pb_cta][\/et_pb_column][et_pb_column type=\"1_4\" _builder_version=\"3.25\" custom_padding=\"|||\" global_colors_info=\"{}\" custom_padding__hover=\"|||\"][et_pb_cta title=\"Lorem Ipsum\" button_url=\"#\" button_text=\"Learn More\" _builder_version=\"4.14.8\" header_level=\"h4\" header_font=\"Allerta|700|||||||\" header_font_size=\"25px\" header_line_height=\"1.5em\" body_font=\"||||||||\" body_line_height=\"2em\" use_background_color=\"off\" custom_button=\"on\" button_text_size=\"14px\" button_text_color=\"#ffb031\" button_bg_color=\"rgba(255,255,255,0)\" button_border_width=\"0px\" button_letter_spacing=\"2px\" button_font=\"|700||on|||||\" button_icon=\"$||divi||400\" text_orientation=\"left\" background_layout=\"light\" custom_margin_tablet=\"||70px|\" custom_margin_phone=\"||40px|\" custom_margin_last_edited=\"on|phone\" button_letter_spacing_hover=\"2px\" global_colors_info=\"{}\" button_text_size__hover_enabled=\"off\" button_one_text_size__hover_enabled=\"off\" button_two_text_size__hover_enabled=\"off\" button_text_color__hover_enabled=\"off\" button_one_text_color__hover_enabled=\"off\" button_two_text_color__hover_enabled=\"off\" button_border_width__hover_enabled=\"off\" button_one_border_width__hover_enabled=\"off\" button_two_border_width__hover_enabled=\"off\" button_border_color__hover_enabled=\"off\" button_one_border_color__hover_enabled=\"off\" button_two_border_color__hover_enabled=\"off\" button_border_radius__hover_enabled=\"off\" button_one_border_radius__hover_enabled=\"off\" button_two_border_radius__hover_enabled=\"off\" button_letter_spacing__hover_enabled=\"on\" button_letter_spacing__hover=\"2px\" button_one_letter_spacing__hover_enabled=\"off\" button_two_letter_spacing__hover_enabled=\"off\" button_bg_color__hover_enabled=\"off\" button_one_bg_color__hover_enabled=\"off\" button_two_bg_color__hover_enabled=\"off\"]<\/p><p>Nulla quis lorem ut libero malesuada feugiat. Cras ultricies ligula sed magna dictum porta.<\/p><p>[\/et_pb_cta][\/et_pb_column][\/et_pb_row][\/et_pb_section][et_pb_section fb_built=\"1\" _builder_version=\"3.22\" global_colors_info=\"{}\"][et_pb_row column_structure=\"1_3,1_3,1_3\" _builder_version=\"3.25\" global_colors_info=\"{}\"][et_pb_column type=\"1_3\" _builder_version=\"3.25\" custom_padding=\"|||\" global_colors_info=\"{}\" custom_padding__hover=\"|||\"][et_pb_text _builder_version=\"4.14.8\" text_font=\"||||||||\" text_line_height=\"2em\" header_font=\"Allerta||||||||\" header_4_font=\"Allerta|600|||||||\" header_4_font_size=\"30px\" header_4_line_height=\"1.2em\" header_4_font_size_tablet=\"\" header_4_font_size_phone=\"30px\" header_4_font_size_last_edited=\"on|phone\" locked=\"off\" global_colors_info=\"{}\"]<\/p><h4>\u201cDolor amet sit lorem consecteture amet!\"<\/h4><p>Vivamus sagittis lacus vel augue laoreet rutrum faucibus dolor auctor. Etiam porta sem malesuada magna mollis euismod. Maecenas sed diam eget risus varius blandit sit amet non<\/p><p>[\/et_pb_text][\/et_pb_column][et_pb_column type=\"1_3\" _builder_version=\"3.25\" custom_padding=\"|||\" global_colors_info=\"{}\" custom_padding__hover=\"|||\"][et_pb_text _builder_version=\"4.14.8\" text_font=\"||||||||\" text_line_height=\"2em\" header_font=\"Allerta||||||||\" header_4_font=\"Allerta|600|||||||\" header_4_font_size=\"30px\" header_4_line_height=\"1.2em\" header_4_font_size_tablet=\"\" header_4_font_size_phone=\"30px\" header_4_font_size_last_edited=\"on|phone\" locked=\"off\" global_colors_info=\"{}\"]<\/p><h4>\u201cDolor amet sit lorem consecteture amet!\"<\/h4><p>Vivamus sagittis lacus vel augue laoreet rutrum faucibus dolor auctor. Etiam porta sem malesuada magna mollis euismod. Maecenas sed diam eget risus varius blandit sit amet non<\/p><p>[\/et_pb_text][\/et_pb_column][et_pb_column type=\"1_3\" _builder_version=\"3.25\" custom_padding=\"|||\" global_colors_info=\"{}\" custom_padding__hover=\"|||\"][et_pb_text _builder_version=\"4.14.8\" text_font=\"||||||||\" text_line_height=\"2em\" header_font=\"Allerta||||||||\" header_4_font=\"Allerta|600|||||||\" header_4_font_size=\"30px\" header_4_line_height=\"1.2em\" header_4_font_size_tablet=\"\" header_4_font_size_phone=\"30px\" header_4_font_size_last_edited=\"on|phone\" locked=\"off\" global_colors_info=\"{}\"]<\/p><h4>\u201cDolor amet sit lorem consecteture amet!\"<\/h4><p>Vivamus sagittis lacus vel augue laoreet rutrum faucibus dolor auctor. Etiam porta sem malesuada magna mollis euismod. Maecenas sed diam eget risus varius blandit sit amet non<\/p><p>[\/et_pb_text][\/et_pb_column][\/et_pb_row][\/et_pb_section][et_pb_section fb_built=\"1\" specialty=\"on\" custom_padding_last_edited=\"on|phone\" padding_1_tablet=\"|10%||10%||true\" admin_label=\"Footer\" _builder_version=\"3.22\" use_background_color_gradient=\"on\" background_color_gradient_start=\"rgba(29,38,0,0.85)\" background_color_gradient_end=\"rgba(29,38,0,0.6)\" background_color_gradient_direction=\"45deg\" background_color_gradient_overlays_image=\"on\" background_image=\"https:\/\/entwicklung26.chriskom.de\/wp-content\/uploads\/2022\/02\/gardener-05.jpg\" custom_padding=\"120px|0px|120px|0px|true|false\" custom_padding_tablet=\"\" custom_padding_phone=\"80px||80px||true\" saved_tabs=\"all\" global_colors_info=\"{}\"][et_pb_column type=\"1_2\" specialty_columns=\"2\" _builder_version=\"3.25\" custom_padding=\"|||\" global_colors_info=\"{}\" padding_tablet=\"|10%||10%||true\" custom_padding__hover=\"|||\"][et_pb_row_inner padding_top_bottom_link_2=\"true\" padding_left_right_link_2=\"true\" _builder_version=\"3.25\" background_color=\"#ffffff\" custom_padding=\"|30px||30px|false|true\" global_colors_info=\"{}\"][et_pb_column_inner saved_specialty_column_type=\"1_2\" _builder_version=\"3.25\" custom_padding=\"|||\" global_colors_info=\"{}\" custom_padding__hover=\"|||\"][et_pb_text _builder_version=\"4.14.8\" text_font=\"||||||||\" header_font=\"||||||||\" header_4_font=\"|700||on|||||\" header_4_text_color=\"rgba(0,0,0,0.5)\" header_4_font_size=\"14px\" header_4_letter_spacing=\"1px\" header_4_line_height=\"1.5em\" hover_enabled=\"0\" global_colors_info=\"{}\" sticky_enabled=\"0\"]<\/p><p class=\"p1\"><b>UNSERE HAUPTVERWALTUNG:<\/b><\/p><h4>\u00a0<\/h4><p>[\/et_pb_text][et_pb_blurb title=\"+49 9072 95380-0\" use_icon=\"on\" font_icon=\"\ue090||divi||400\" icon_color=\"#293600\" icon_placement=\"left\" image_icon_width=\"20px\" _builder_version=\"4.14.8\" header_font=\"|700||on|||||\" header_text_color=\"#1d2600\" header_font_size=\"11px\" header_letter_spacing=\"2px\" header_line_height=\"1.8em\" background_layout=\"dark\" custom_margin=\"20px|||\" animation=\"off\" hover_enabled=\"0\" icon_font_size=\"20px\" global_colors_info=\"{}\" sticky_enabled=\"0\"][\/et_pb_blurb][et_pb_blurb title=\"info@rekular.de\" use_icon=\"on\" font_icon=\"\ue076||divi||400\" icon_color=\"#293600\" icon_placement=\"left\" image_icon_width=\"20px\" _builder_version=\"4.14.8\" header_font=\"|700||on|||||\" header_text_color=\"#1d2600\" header_font_size=\"11px\" header_letter_spacing=\"2px\" header_line_height=\"1.8em\" background_layout=\"dark\" custom_margin=\"20px|||\" animation=\"off\" icon_font_size=\"20px\" global_colors_info=\"{}\"][\/et_pb_blurb][et_pb_blurb title=\"Rekular GmbH \/ Wittislinger Str. 7 \/ 89415 Lauingen\" use_icon=\"on\" font_icon=\"\ue081||divi||400\" icon_color=\"#293600\" icon_placement=\"left\" image_icon_width=\"20px\" _builder_version=\"4.14.8\" header_font=\"|700||on|||||\" header_text_color=\"#1d2600\" header_font_size=\"11px\" header_letter_spacing=\"2px\" header_line_height=\"1.8em\" background_layout=\"dark\" custom_margin=\"20px|||\" animation=\"off\" hover_enabled=\"0\" icon_font_size=\"20px\" global_colors_info=\"{}\" sticky_enabled=\"0\"][\/et_pb_blurb][\/et_pb_column_inner][\/et_pb_row_inner][et_pb_row_inner _builder_version=\"3.25\" custom_padding=\"0||||false|false\" global_colors_info=\"{}\"][et_pb_column_inner saved_specialty_column_type=\"1_2\" _builder_version=\"3.25\" custom_padding=\"|||\" global_colors_info=\"{}\" custom_padding__hover=\"|||\"][et_pb_button button_text=\"Senden Si uns eine Nachricht\" button_alignment=\"right\" _builder_version=\"4.14.8\" custom_button=\"on\" button_text_size=\"16px\" button_bg_color=\"#ffb031\" button_border_width=\"0px\" button_border_radius=\"0px\" button_letter_spacing=\"2px\" button_font=\"|700||on|||||\" button_icon=\"$||divi||400\" background_layout=\"dark\" custom_margin=\"|||\" custom_padding=\"16px|40px|16px|40px|true|true\" animation_style=\"fold\" animation_direction=\"top\" hover_enabled=\"0\" locked=\"off\" global_colors_info=\"{}\" button_text_size__hover_enabled=\"off\" button_one_text_size__hover_enabled=\"off\" button_two_text_size__hover_enabled=\"off\" button_text_color__hover_enabled=\"off\" button_one_text_color__hover_enabled=\"off\" button_two_text_color__hover_enabled=\"off\" button_border_width__hover_enabled=\"off\" button_one_border_width__hover_enabled=\"off\" button_two_border_width__hover_enabled=\"off\" button_border_color__hover_enabled=\"off\" button_one_border_color__hover_enabled=\"off\" button_two_border_color__hover_enabled=\"off\" button_border_radius__hover_enabled=\"off\" button_one_border_radius__hover_enabled=\"off\" button_two_border_radius__hover_enabled=\"off\" button_letter_spacing__hover_enabled=\"off\" button_one_letter_spacing__hover_enabled=\"off\" button_two_letter_spacing__hover_enabled=\"off\" button_bg_color__hover_enabled=\"off\" button_one_bg_color__hover_enabled=\"off\" button_two_bg_color__hover_enabled=\"off\" sticky_enabled=\"0\"][\/et_pb_button][\/et_pb_column_inner][\/et_pb_row_inner][\/et_pb_column][et_pb_column type=\"1_2\" _builder_version=\"3.25\" custom_padding=\"|||\" global_colors_info=\"{}\" custom_padding__hover=\"|||\"][et_pb_text _builder_version=\"4.14.8\" text_font=\"||||||||\" text_font_size=\"16px\" text_line_height=\"2em\" header_2_font=\"Alata|700|||||||\" header_2_font_size=\"52px\" header_2_line_height=\"1.2em\" background_layout=\"dark\" custom_margin=\"|||\" header_2_font_size_tablet=\"42px\" header_2_font_size_phone=\"32px\" header_2_font_size_last_edited=\"on|desktop\" locked=\"off\" global_colors_info=\"{}\"]<\/p><h2>Lorem Ipsum<\/h2><p>Curabitur blandit tempus porttitor. Duis mollis, est non commodo luctus, nisi erat porttitor ligula, eget lacinia odio sem nec elit. Nullam id dolor id nibh ultricies vehicula ut id elit. Donec ullamcorper nulla non metus auctor fringilla.\u00a0Curabitur blandit tempus porttitor.<\/p><p>[\/et_pb_text][\/et_pb_column][\/et_pb_section]<\/p>","_et_gb_content_width":"","footnotes":""},"class_list":["post-170","page","type-page","status-publish","hentry"],"_links":{"self":[{"href":"https:\/\/entwicklung26.chriskom.de\/index.php\/wp-json\/wp\/v2\/pages\/170","targetHints":{"allow":["GET"]}}],"collection":[{"href":"https:\/\/entwicklung26.chriskom.de\/index.php\/wp-json\/wp\/v2\/pages"}],"about":[{"href":"https:\/\/entwicklung26.chriskom.de\/index.php\/wp-json\/wp\/v2\/types\/page"}],"author":[{"embeddable":true,"href":"https:\/\/entwicklung26.chriskom.de\/index.php\/wp-json\/wp\/v2\/users\/1"}],"replies":[{"embeddable":true,"href":"https:\/\/entwicklung26.chriskom.de\/index.php\/wp-json\/wp\/v2\/comments?post=170"}],"version-history":[{"count":21,"href":"https:\/\/entwicklung26.chriskom.de\/index.php\/wp-json\/wp\/v2\/pages\/170\/revisions"}],"predecessor-version":[{"id":2164,"href":"https:\/\/entwicklung26.chriskom.de\/index.php\/wp-json\/wp\/v2\/pages\/170\/revisions\/2164"}],"wp:attachment":[{"href":"https:\/\/entwicklung26.chriskom.de\/index.php\/wp-json\/wp\/v2\/media?parent=170"}],"curies":[{"name":"wp","href":"https:\/\/api.w.org\/{rel}","templated":true}]}}